{"id":25,"date":"2022-10-28T13:54:46","date_gmt":"2022-10-28T18:54:46","guid":{"rendered":"https:\/\/lapalabraverdadera.com\/?page_id=25"},"modified":"2024-10-30T20:09:37","modified_gmt":"2024-10-31T01:09:37","slug":"inicio-la-palabra-verdadera","status":"publish","type":"page","link":"https:\/\/lapalabraverdadera.com\/","title":{"rendered":"Inicio"},"content":{"rendered":"\t\t<div data-elementor-type=\"wp-page\" data-elementor-id=\"25\" class=\"elementor elementor-25\" data-elementor-post-type=\"page\">\n\t\t\t\t\t\t<section class=\"elementor-section elementor-top-section elementor-element elementor-element-aptetlo elementor-section-boxed elementor-section-height-default elementor-section-height-default\" data-id=\"aptetlo\" data-element_type=\"section\" data-e-type=\"section\" data-settings=\"{&quot;background_background&quot;:&quot;classic&quot;,&quot;shape_divider_top&quot;:&quot;mountains&quot;,&quot;shape_divider_bottom&quot;:&quot;mountains&quot;}\">\n\t\t\t\t\t\t\t<div class=\"elementor-background-overlay\"><\/div>\n\t\t\t\t\t\t<div class=\"elementor-shape elementor-shape-top\" aria-hidden=\"true\" data-negative=\"false\">\n\t\t\t<svg xmlns=\"http:\/\/www.w3.org\/2000\/svg\" viewBox=\"0 0 1000 100\" preserveAspectRatio=\"none\">\n\t<path class=\"elementor-shape-fill\" opacity=\"0.33\" d=\"M473,67.3c-203.9,88.3-263.1-34-320.3,0C66,119.1,0,59.7,0,59.7V0h1000v59.7 c0,0-62.1,26.1-94.9,29.3c-32.8,3.3-62.8-12.3-75.8-22.1C806,49.6,745.3,8.7,694.9,4.7S492.4,59,473,67.3z\"\/>\n\t<path class=\"elementor-shape-fill\" opacity=\"0.66\" d=\"M734,67.3c-45.5,0-77.2-23.2-129.1-39.1c-28.6-8.7-150.3-10.1-254,39.1 s-91.7-34.4-149.2,0C115.7,118.3,0,39.8,0,39.8V0h1000v36.5c0,0-28.2-18.5-92.1-18.5C810.2,18.1,775.7,67.3,734,67.3z\"\/>\n\t<path class=\"elementor-shape-fill\" d=\"M766.1,28.9c-200-57.5-266,65.5-395.1,19.5C242,1.8,242,5.4,184.8,20.6C128,35.8,132.3,44.9,89.9,52.5C28.6,63.7,0,0,0,0 h1000c0,0-9.9,40.9-83.6,48.1S829.6,47,766.1,28.9z\"\/>\n<\/svg>\t\t<\/div>\n\t\t\t\t<div class=\"elementor-shape elementor-shape-bottom\" aria-hidden=\"true\" data-negative=\"false\">\n\t\t\t<svg xmlns=\"http:\/\/www.w3.org\/2000\/svg\" viewBox=\"0 0 1000 100\" preserveAspectRatio=\"none\">\n\t<path class=\"elementor-shape-fill\" opacity=\"0.33\" d=\"M473,67.3c-203.9,88.3-263.1-34-320.3,0C66,119.1,0,59.7,0,59.7V0h1000v59.7 c0,0-62.1,26.1-94.9,29.3c-32.8,3.3-62.8-12.3-75.8-22.1C806,49.6,745.3,8.7,694.9,4.7S492.4,59,473,67.3z\"\/>\n\t<path class=\"elementor-shape-fill\" opacity=\"0.66\" d=\"M734,67.3c-45.5,0-77.2-23.2-129.1-39.1c-28.6-8.7-150.3-10.1-254,39.1 s-91.7-34.4-149.2,0C115.7,118.3,0,39.8,0,39.8V0h1000v36.5c0,0-28.2-18.5-92.1-18.5C810.2,18.1,775.7,67.3,734,67.3z\"\/>\n\t<path class=\"elementor-shape-fill\" d=\"M766.1,28.9c-200-57.5-266,65.5-395.1,19.5C242,1.8,242,5.4,184.8,20.6C128,35.8,132.3,44.9,89.9,52.5C28.6,63.7,0,0,0,0 h1000c0,0-9.9,40.9-83.6,48.1S829.6,47,766.1,28.9z\"\/>\n<\/svg>\t\t<\/div>\n\t\t\t\t\t<div class=\"elementor-container elementor-column-gap-default\">\n\t\t\t\t\t<div class=\"elementor-column elementor-col-100 elementor-top-column elementor-element elementor-element-d6d0c55\" data-id=\"d6d0c55\" data-element_type=\"column\" data-e-type=\"column\">\n\t\t\t<div class=\"elementor-widget-wrap\">\n\t\t\t\t\t\t\t<\/div>\n\t\t<\/div>\n\t\t\t\t\t<\/div>\n\t\t<\/section>\n\t\t\t\t<section class=\"elementor-section elementor-top-section elementor-element elementor-element-790b11e elementor-section-boxed elementor-section-height-default elementor-section-height-default\" data-id=\"790b11e\" data-element_type=\"section\" data-e-type=\"section\">\n\t\t\t\t\t\t<div class=\"elementor-container elementor-column-gap-default\">\n\t\t\t\t\t<div class=\"elementor-column elementor-col-25 elementor-top-column elementor-element elementor-element-d94b37b\" data-id=\"d94b37b\" data-element_type=\"column\" data-e-type=\"column\">\n\t\t\t<div class=\"elementor-widget-wrap elementor-element-populated\">\n\t\t\t\t\t\t<div class=\"elementor-element elementor-element-b939b17 elementor-align-center elementor-widget elementor-widget-button\" data-id=\"b939b17\" data-element_type=\"widget\" data-e-type=\"widget\" data-widget_type=\"button.default\">\n\t\t\t\t<div class=\"elementor-widget-container\">\n\t\t\t\t\t\t\t\t\t<div class=\"elementor-button-wrapper\">\n\t\t\t\t\t<a class=\"elementor-button elementor-button-link elementor-size-xs\" href=\"https:\/\/lapalabraverdadera.com\/index.php\/escritos\/\">\n\t\t\t\t\t\t<span class=\"elementor-button-content-wrapper\">\n\t\t\t\t\t\t<span class=\"elementor-button-icon\">\n\t\t\t\t<i aria-hidden=\"true\" class=\"far fa-file-pdf\"><\/i>\t\t\t<\/span>\n\t\t\t\t\t\t\t\t\t<span class=\"elementor-button-text\">Mensajes Escritos<\/span>\n\t\t\t\t\t<\/span>\n\t\t\t\t\t<\/a>\n\t\t\t\t<\/div>\n\t\t\t\t\t\t\t\t<\/div>\n\t\t\t\t<\/div>\n\t\t\t\t\t<\/div>\n\t\t<\/div>\n\t\t\t\t<div class=\"elementor-column elementor-col-25 elementor-top-column elementor-element elementor-element-43c3bfa\" data-id=\"43c3bfa\" data-element_type=\"column\" data-e-type=\"column\">\n\t\t\t<div class=\"elementor-widget-wrap elementor-element-populated\">\n\t\t\t\t\t\t<div class=\"elementor-element elementor-element-28a7956 elementor-align-center elementor-widget elementor-widget-button\" data-id=\"28a7956\" data-element_type=\"widget\" data-e-type=\"widget\" data-widget_type=\"button.default\">\n\t\t\t\t<div class=\"elementor-widget-container\">\n\t\t\t\t\t\t\t\t\t<div class=\"elementor-button-wrapper\">\n\t\t\t\t\t<a class=\"elementor-button elementor-button-link elementor-size-xs\" href=\"https:\/\/lapalabraverdadera.com\/index.php\/videos\/\">\n\t\t\t\t\t\t<span class=\"elementor-button-content-wrapper\">\n\t\t\t\t\t\t<span class=\"elementor-button-icon\">\n\t\t\t\t<i aria-hidden=\"true\" class=\"far fa-play-circle\"><\/i>\t\t\t<\/span>\n\t\t\t\t\t\t\t\t\t<span class=\"elementor-button-text\">Mensajes Videos<\/span>\n\t\t\t\t\t<\/span>\n\t\t\t\t\t<\/a>\n\t\t\t\t<\/div>\n\t\t\t\t\t\t\t\t<\/div>\n\t\t\t\t<\/div>\n\t\t\t\t\t<\/div>\n\t\t<\/div>\n\t\t\t\t<div class=\"elementor-column elementor-col-25 elementor-top-column elementor-element elementor-element-77855d5\" data-id=\"77855d5\" data-element_type=\"column\" data-e-type=\"column\">\n\t\t\t<div class=\"elementor-widget-wrap elementor-element-populated\">\n\t\t\t\t\t\t<div class=\"elementor-element elementor-element-70ac167 elementor-align-center elementor-widget elementor-widget-button\" data-id=\"70ac167\" data-element_type=\"widget\" data-e-type=\"widget\" data-widget_type=\"button.default\">\n\t\t\t\t<div class=\"elementor-widget-container\">\n\t\t\t\t\t\t\t\t\t<div class=\"elementor-button-wrapper\">\n\t\t\t\t\t<a class=\"elementor-button elementor-button-link elementor-size-xs\" href=\"https:\/\/lapalabraverdadera.com\/index.php\/audios\/\">\n\t\t\t\t\t\t<span class=\"elementor-button-content-wrapper\">\n\t\t\t\t\t\t<span class=\"elementor-button-icon\">\n\t\t\t\t<i aria-hidden=\"true\" class=\"fas fa-volume-up\"><\/i>\t\t\t<\/span>\n\t\t\t\t\t\t\t\t\t<span class=\"elementor-button-text\">Mensajes Audios<\/span>\n\t\t\t\t\t<\/span>\n\t\t\t\t\t<\/a>\n\t\t\t\t<\/div>\n\t\t\t\t\t\t\t\t<\/div>\n\t\t\t\t<\/div>\n\t\t\t\t\t<\/div>\n\t\t<\/div>\n\t\t\t\t<div class=\"elementor-column elementor-col-25 elementor-top-column elementor-element elementor-element-f89eace\" data-id=\"f89eace\" data-element_type=\"column\" data-e-type=\"column\">\n\t\t\t<div class=\"elementor-widget-wrap elementor-element-populated\">\n\t\t\t\t\t\t<div class=\"elementor-element elementor-element-8fd57b0 elementor-align-center elementor-widget elementor-widget-button\" data-id=\"8fd57b0\" data-element_type=\"widget\" data-e-type=\"widget\" data-widget_type=\"button.default\">\n\t\t\t\t<div class=\"elementor-widget-container\">\n\t\t\t\t\t\t\t\t\t<div class=\"elementor-button-wrapper\">\n\t\t\t\t\t<a class=\"elementor-button elementor-button-link elementor-size-xs\" href=\"https:\/\/lapalabraverdadera.com\/index.php\/radio\/\">\n\t\t\t\t\t\t<span class=\"elementor-button-content-wrapper\">\n\t\t\t\t\t\t<span class=\"elementor-button-icon\">\n\t\t\t\t<i aria-hidden=\"true\" class=\"fas fa-microphone-alt\"><\/i>\t\t\t<\/span>\n\t\t\t\t\t\t\t\t\t<span class=\"elementor-button-text\">Radio en Vivo <\/span>\n\t\t\t\t\t<\/span>\n\t\t\t\t\t<\/a>\n\t\t\t\t<\/div>\n\t\t\t\t\t\t\t\t<\/div>\n\t\t\t\t<\/div>\n\t\t\t\t\t<\/div>\n\t\t<\/div>\n\t\t\t\t\t<\/div>\n\t\t<\/section>\n\t\t\t\t<section class=\"elementor-section elementor-top-section elementor-element elementor-element-f7c5e5a elementor-section-boxed elementor-section-height-default elementor-section-height-default\" data-id=\"f7c5e5a\" data-element_type=\"section\" data-e-type=\"section\">\n\t\t\t\t\t\t<div class=\"elementor-container elementor-column-gap-default\">\n\t\t\t\t\t<div class=\"elementor-column elementor-col-100 elementor-top-column elementor-element elementor-element-e28736c\" data-id=\"e28736c\" data-element_type=\"column\" data-e-type=\"column\">\n\t\t\t<div class=\"elementor-widget-wrap elementor-element-populated\">\n\t\t\t\t\t\t<section class=\"elementor-section elementor-inner-section elementor-element elementor-element-ba91bbd elementor-section-boxed elementor-section-height-default elementor-section-height-default\" data-id=\"ba91bbd\" data-element_type=\"section\" data-e-type=\"section\">\n\t\t\t\t\t\t<div class=\"elementor-container elementor-column-gap-default\">\n\t\t\t\t\t<div class=\"elementor-column elementor-col-50 elementor-inner-column elementor-element elementor-element-d349ea6\" data-id=\"d349ea6\" data-element_type=\"column\" data-e-type=\"column\">\n\t\t\t<div class=\"elementor-widget-wrap elementor-element-populated\">\n\t\t\t\t\t\t<div class=\"elementor-element elementor-element-b9bfa8b elementor-widget__width-initial elementor-widget elementor-widget-image\" data-id=\"b9bfa8b\" data-element_type=\"widget\" data-e-type=\"widget\" data-widget_type=\"image.default\">\n\t\t\t\t<div class=\"elementor-widget-container\">\n\t\t\t\t\t\t\t\t\t\t\t\t\t\t\t<img fetchpriority=\"high\" decoding=\"async\" width=\"750\" height=\"717\" src=\"https:\/\/lapalabraverdadera.com\/wp-content\/uploads\/2023\/09\/WSS_EPUBshadow.png\" class=\"attachment-large size-large wp-image-1803\" alt=\"\" srcset=\"https:\/\/lapalabraverdadera.com\/wp-content\/uploads\/2023\/09\/WSS_EPUBshadow.png 750w, https:\/\/lapalabraverdadera.com\/wp-content\/uploads\/2023\/09\/WSS_EPUBshadow-300x287.png 300w\" sizes=\"(max-width: 750px) 100vw, 750px\" \/>\t\t\t\t\t\t\t\t\t\t\t\t\t\t\t<\/div>\n\t\t\t\t<\/div>\n\t\t\t\t\t<\/div>\n\t\t<\/div>\n\t\t\t\t<div class=\"elementor-column elementor-col-50 elementor-inner-column elementor-element elementor-element-82d23b6\" data-id=\"82d23b6\" data-element_type=\"column\" data-e-type=\"column\">\n\t\t\t<div class=\"elementor-widget-wrap elementor-element-populated\">\n\t\t\t\t\t\t<div class=\"elementor-element elementor-element-3da8729 elementor-blockquote--skin-quotation elementor-blockquote--align-left elementor-widget elementor-widget-blockquote\" data-id=\"3da8729\" data-element_type=\"widget\" data-e-type=\"widget\" data-widget_type=\"blockquote.default\">\n\t\t\t\t<div class=\"elementor-widget-container\">\n\t\t\t\t\t\t\t<blockquote class=\"elementor-blockquote\">\n\t\t\t<p class=\"elementor-blockquote__content\">\n\t\t\t\t\nHay personas que pueden decir: \u201cNo, es que esto que est\u00e1\ndicho aqu\u00ed significa otra cosa\u201d. Para que sepan m\u00e1s\nclaramente: Las cosas que son dadas significan lo que es\ndicho. No le busque m\u00e1s interpretaciones, porque esa es la\ninterpretaci\u00f3n que Dios le est\u00e1 dando. Si algo m\u00e1s significa, en\nalg\u00fan otro Mensaje va a aparecer. O sea, si tiene m\u00e1s\nsignificado eso, en alg\u00fan otro Mensaje va a aparecer. No trate\nusted de interpretar o buscarle otra interpretaci\u00f3n, porque va\na tener problemas con Dios; y yo no voy a poder ayudarle \nentonces, porque ya se lo advert\u00ed.\t\t\t<\/p>\n\t\t\t\t\t\t\t<div class=\"e-q-footer\">\n\t\t\t\t\t\t\t\t\t\t\t<cite class=\"elementor-blockquote__author\">William Soto Santiago 28\/10\/2000<\/cite>\n\t\t\t\t\t\t\t\t\t\t\t\t\t\t<\/div>\n\t\t\t\t\t<\/blockquote>\n\t\t\t\t\t\t<\/div>\n\t\t\t\t<\/div>\n\t\t\t\t\t<\/div>\n\t\t<\/div>\n\t\t\t\t\t<\/div>\n\t\t<\/section>\n\t\t\t\t\t<\/div>\n\t\t<\/div>\n\t\t\t\t\t<\/div>\n\t\t<\/section>\n\t\t\t\t<section class=\"elementor-section elementor-top-section elementor-element elementor-element-fea0ecd elementor-section-height-min-height elementor-section-boxed elementor-section-height-default elementor-section-items-middle\" data-id=\"fea0ecd\" data-element_type=\"section\" data-e-type=\"section\" data-settings=\"{&quot;background_background&quot;:&quot;classic&quot;}\">\n\t\t\t\t\t\t<div class=\"elementor-container elementor-column-gap-default\">\n\t\t\t\t\t<div class=\"elementor-column elementor-col-100 elementor-top-column elementor-element elementor-element-35ad569\" data-id=\"35ad569\" data-element_type=\"column\" data-e-type=\"column\">\n\t\t\t<div class=\"elementor-widget-wrap\">\n\t\t\t\t\t\t\t<\/div>\n\t\t<\/div>\n\t\t\t\t\t<\/div>\n\t\t<\/section>\n\t\t\t\t<\/div>\n\t\t","protected":false},"excerpt":{"rendered":"<p>Mensajes Escritos Mensajes Videos Mensajes Audios Radio en Vivo Hay personas que pueden decir: \u201cNo, es que esto que est\u00e1 dicho aqu\u00ed significa otra cosa\u201d. Para que sepan m\u00e1s claramente: Las cosas que son dadas significan lo que es dicho. No le busque m\u00e1s interpretaciones, porque esa es la interpretaci\u00f3n que Dios le est\u00e1 dando. [&hellip;]<\/p>\n","protected":false},"author":1,"featured_media":0,"parent":0,"menu_order":0,"comment_status":"closed","ping_status":"closed","template":"","meta":{"_crdt_document":"","footnotes":""},"class_list":["post-25","page","type-page","status-publish","hentry"],"yoast_head":"<!-- This site is optimized with the Yoast SEO plugin v27.4 - https:\/\/yoast.com\/product\/yoast-seo-wordpress\/ -->\n<title>Inicio - La Palabra Verdadera<\/title>\n<meta name=\"description\" content=\"El Mensaje ha sido dado y ustedes pueden ver que solamente podemos repasar lo que ya ha sido tra\u00eddo. No hay otro Mensaje.\" \/>\n<meta name=\"robots\" content=\"index, follow, max-snippet:-1, max-image-preview:large, max-video-preview:-1\" \/>\n<link rel=\"canonical\" href=\"https:\/\/lapalabraverdadera.com\/\" \/>\n<meta property=\"og:locale\" content=\"es_ES\" \/>\n<meta property=\"og:type\" content=\"article\" \/>\n<meta property=\"og:title\" content=\"Inicio - La Palabra Verdadera\" \/>\n<meta property=\"og:description\" content=\"El Mensaje ha sido dado y ustedes pueden ver que solamente podemos repasar lo que ya ha sido tra\u00eddo. No hay otro Mensaje.\" \/>\n<meta property=\"og:url\" content=\"https:\/\/lapalabraverdadera.com\/\" \/>\n<meta property=\"og:site_name\" content=\"La Palabra Verdadera\" \/>\n<meta property=\"article:publisher\" content=\"https:\/\/web.facebook.com\/people\/Qudese-con-la-Palabra\/100083250439242\/\" \/>\n<meta property=\"article:modified_time\" content=\"2024-10-31T01:09:37+00:00\" \/>\n<meta property=\"og:image\" content=\"https:\/\/lapalabraverdadera.com\/wp-content\/uploads\/2023\/09\/WSS_EPUBshadow.png\" \/>\n\t<meta property=\"og:image:width\" content=\"750\" \/>\n\t<meta property=\"og:image:height\" content=\"717\" \/>\n\t<meta property=\"og:image:type\" content=\"image\/png\" \/>\n<meta name=\"twitter:card\" content=\"summary_large_image\" \/>\n<meta name=\"twitter:label1\" content=\"Tiempo de lectura\" \/>\n\t<meta name=\"twitter:data1\" content=\"1 minuto\" \/>\n<script type=\"application\/ld+json\" class=\"yoast-schema-graph\">{\"@context\":\"https:\\\/\\\/schema.org\",\"@graph\":[{\"@type\":\"WebPage\",\"@id\":\"https:\\\/\\\/lapalabraverdadera.com\\\/\",\"url\":\"https:\\\/\\\/lapalabraverdadera.com\\\/\",\"name\":\"Inicio - La Palabra Verdadera\",\"isPartOf\":{\"@id\":\"https:\\\/\\\/lapalabraverdadera.com\\\/#website\"},\"primaryImageOfPage\":{\"@id\":\"https:\\\/\\\/lapalabraverdadera.com\\\/#primaryimage\"},\"image\":{\"@id\":\"https:\\\/\\\/lapalabraverdadera.com\\\/#primaryimage\"},\"thumbnailUrl\":\"https:\\\/\\\/lapalabraverdadera.com\\\/wp-content\\\/uploads\\\/2023\\\/09\\\/WSS_EPUBshadow.png\",\"datePublished\":\"2022-10-28T18:54:46+00:00\",\"dateModified\":\"2024-10-31T01:09:37+00:00\",\"description\":\"El Mensaje ha sido dado y ustedes pueden ver que solamente podemos repasar lo que ya ha sido tra\u00eddo. No hay otro Mensaje.\",\"breadcrumb\":{\"@id\":\"https:\\\/\\\/lapalabraverdadera.com\\\/#breadcrumb\"},\"inLanguage\":\"es-CO\",\"potentialAction\":[{\"@type\":\"ReadAction\",\"target\":[\"https:\\\/\\\/lapalabraverdadera.com\\\/\"]}]},{\"@type\":\"ImageObject\",\"inLanguage\":\"es-CO\",\"@id\":\"https:\\\/\\\/lapalabraverdadera.com\\\/#primaryimage\",\"url\":\"https:\\\/\\\/lapalabraverdadera.com\\\/wp-content\\\/uploads\\\/2023\\\/09\\\/WSS_EPUBshadow.png\",\"contentUrl\":\"https:\\\/\\\/lapalabraverdadera.com\\\/wp-content\\\/uploads\\\/2023\\\/09\\\/WSS_EPUBshadow.png\",\"width\":750,\"height\":717},{\"@type\":\"BreadcrumbList\",\"@id\":\"https:\\\/\\\/lapalabraverdadera.com\\\/#breadcrumb\",\"itemListElement\":[{\"@type\":\"ListItem\",\"position\":1,\"name\":\"Inicio\",\"item\":\"https:\\\/\\\/lapalabraverdadera.com\\\/\"},{\"@type\":\"ListItem\",\"position\":2,\"name\":\"Inicio\"}]},{\"@type\":\"WebSite\",\"@id\":\"https:\\\/\\\/lapalabraverdadera.com\\\/#website\",\"url\":\"https:\\\/\\\/lapalabraverdadera.com\\\/\",\"name\":\"La Palabra Verdadera\",\"description\":\"Mensajes del Rev. William Soto Santiago\",\"publisher\":{\"@id\":\"https:\\\/\\\/lapalabraverdadera.com\\\/#organization\"},\"potentialAction\":[{\"@type\":\"SearchAction\",\"target\":{\"@type\":\"EntryPoint\",\"urlTemplate\":\"https:\\\/\\\/lapalabraverdadera.com\\\/?s={search_term_string}\"},\"query-input\":{\"@type\":\"PropertyValueSpecification\",\"valueRequired\":true,\"valueName\":\"search_term_string\"}}],\"inLanguage\":\"es-CO\"},{\"@type\":\"Organization\",\"@id\":\"https:\\\/\\\/lapalabraverdadera.com\\\/#organization\",\"name\":\"La Palabra Verdadera\",\"url\":\"https:\\\/\\\/lapalabraverdadera.com\\\/\",\"logo\":{\"@type\":\"ImageObject\",\"inLanguage\":\"es-CO\",\"@id\":\"https:\\\/\\\/lapalabraverdadera.com\\\/#\\\/schema\\\/logo\\\/image\\\/\",\"url\":\"https:\\\/\\\/lapalabraverdadera.com\\\/wp-content\\\/uploads\\\/2022\\\/10\\\/cropped-cropped-logo-palabra.png\",\"contentUrl\":\"https:\\\/\\\/lapalabraverdadera.com\\\/wp-content\\\/uploads\\\/2022\\\/10\\\/cropped-cropped-logo-palabra.png\",\"width\":454,\"height\":94,\"caption\":\"La Palabra Verdadera\"},\"image\":{\"@id\":\"https:\\\/\\\/lapalabraverdadera.com\\\/#\\\/schema\\\/logo\\\/image\\\/\"},\"sameAs\":[\"https:\\\/\\\/web.facebook.com\\\/people\\\/Qudese-con-la-Palabra\\\/100083250439242\\\/\"]}]}<\/script>\n<!-- \/ Yoast SEO plugin. -->","yoast_head_json":{"title":"Inicio - La Palabra Verdadera","description":"El Mensaje ha sido dado y ustedes pueden ver que solamente podemos repasar lo que ya ha sido tra\u00eddo. No hay otro Mensaje.","robots":{"index":"index","follow":"follow","max-snippet":"max-snippet:-1","max-image-preview":"max-image-preview:large","max-video-preview":"max-video-preview:-1"},"canonical":"https:\/\/lapalabraverdadera.com\/","og_locale":"es_ES","og_type":"article","og_title":"Inicio - La Palabra Verdadera","og_description":"El Mensaje ha sido dado y ustedes pueden ver que solamente podemos repasar lo que ya ha sido tra\u00eddo. No hay otro Mensaje.","og_url":"https:\/\/lapalabraverdadera.com\/","og_site_name":"La Palabra Verdadera","article_publisher":"https:\/\/web.facebook.com\/people\/Qudese-con-la-Palabra\/100083250439242\/","article_modified_time":"2024-10-31T01:09:37+00:00","og_image":[{"width":750,"height":717,"url":"https:\/\/lapalabraverdadera.com\/wp-content\/uploads\/2023\/09\/WSS_EPUBshadow.png","type":"image\/png"}],"twitter_card":"summary_large_image","twitter_misc":{"Tiempo de lectura":"1 minuto"},"schema":{"@context":"https:\/\/schema.org","@graph":[{"@type":"WebPage","@id":"https:\/\/lapalabraverdadera.com\/","url":"https:\/\/lapalabraverdadera.com\/","name":"Inicio - La Palabra Verdadera","isPartOf":{"@id":"https:\/\/lapalabraverdadera.com\/#website"},"primaryImageOfPage":{"@id":"https:\/\/lapalabraverdadera.com\/#primaryimage"},"image":{"@id":"https:\/\/lapalabraverdadera.com\/#primaryimage"},"thumbnailUrl":"https:\/\/lapalabraverdadera.com\/wp-content\/uploads\/2023\/09\/WSS_EPUBshadow.png","datePublished":"2022-10-28T18:54:46+00:00","dateModified":"2024-10-31T01:09:37+00:00","description":"El Mensaje ha sido dado y ustedes pueden ver que solamente podemos repasar lo que ya ha sido tra\u00eddo. No hay otro Mensaje.","breadcrumb":{"@id":"https:\/\/lapalabraverdadera.com\/#breadcrumb"},"inLanguage":"es-CO","potentialAction":[{"@type":"ReadAction","target":["https:\/\/lapalabraverdadera.com\/"]}]},{"@type":"ImageObject","inLanguage":"es-CO","@id":"https:\/\/lapalabraverdadera.com\/#primaryimage","url":"https:\/\/lapalabraverdadera.com\/wp-content\/uploads\/2023\/09\/WSS_EPUBshadow.png","contentUrl":"https:\/\/lapalabraverdadera.com\/wp-content\/uploads\/2023\/09\/WSS_EPUBshadow.png","width":750,"height":717},{"@type":"BreadcrumbList","@id":"https:\/\/lapalabraverdadera.com\/#breadcrumb","itemListElement":[{"@type":"ListItem","position":1,"name":"Inicio","item":"https:\/\/lapalabraverdadera.com\/"},{"@type":"ListItem","position":2,"name":"Inicio"}]},{"@type":"WebSite","@id":"https:\/\/lapalabraverdadera.com\/#website","url":"https:\/\/lapalabraverdadera.com\/","name":"La Palabra Verdadera","description":"Mensajes del Rev. William Soto Santiago","publisher":{"@id":"https:\/\/lapalabraverdadera.com\/#organization"},"potentialAction":[{"@type":"SearchAction","target":{"@type":"EntryPoint","urlTemplate":"https:\/\/lapalabraverdadera.com\/?s={search_term_string}"},"query-input":{"@type":"PropertyValueSpecification","valueRequired":true,"valueName":"search_term_string"}}],"inLanguage":"es-CO"},{"@type":"Organization","@id":"https:\/\/lapalabraverdadera.com\/#organization","name":"La Palabra Verdadera","url":"https:\/\/lapalabraverdadera.com\/","logo":{"@type":"ImageObject","inLanguage":"es-CO","@id":"https:\/\/lapalabraverdadera.com\/#\/schema\/logo\/image\/","url":"https:\/\/lapalabraverdadera.com\/wp-content\/uploads\/2022\/10\/cropped-cropped-logo-palabra.png","contentUrl":"https:\/\/lapalabraverdadera.com\/wp-content\/uploads\/2022\/10\/cropped-cropped-logo-palabra.png","width":454,"height":94,"caption":"La Palabra Verdadera"},"image":{"@id":"https:\/\/lapalabraverdadera.com\/#\/schema\/logo\/image\/"},"sameAs":["https:\/\/web.facebook.com\/people\/Qudese-con-la-Palabra\/100083250439242\/"]}]}},"_links":{"self":[{"href":"https:\/\/lapalabraverdadera.com\/index.php\/wp-json\/wp\/v2\/pages\/25","targetHints":{"allow":["GET"]}}],"collection":[{"href":"https:\/\/lapalabraverdadera.com\/index.php\/wp-json\/wp\/v2\/pages"}],"about":[{"href":"https:\/\/lapalabraverdadera.com\/index.php\/wp-json\/wp\/v2\/types\/page"}],"author":[{"embeddable":true,"href":"https:\/\/lapalabraverdadera.com\/index.php\/wp-json\/wp\/v2\/users\/1"}],"replies":[{"embeddable":true,"href":"https:\/\/lapalabraverdadera.com\/index.php\/wp-json\/wp\/v2\/comments?post=25"}],"version-history":[{"count":91,"href":"https:\/\/lapalabraverdadera.com\/index.php\/wp-json\/wp\/v2\/pages\/25\/revisions"}],"predecessor-version":[{"id":2499,"href":"https:\/\/lapalabraverdadera.com\/index.php\/wp-json\/wp\/v2\/pages\/25\/revisions\/2499"}],"wp:attachment":[{"href":"https:\/\/lapalabraverdadera.com\/index.php\/wp-json\/wp\/v2\/media?parent=25"}],"curies":[{"name":"wp","href":"https:\/\/api.w.org\/{rel}","templated":true}]}}