{"id":702,"date":"2023-03-01T07:22:32","date_gmt":"2023-03-01T12:22:32","guid":{"rendered":"https:\/\/lapalabraverdadera.com\/?page_id=702"},"modified":"2024-03-05T07:34:29","modified_gmt":"2024-03-05T12:34:29","slug":"politicas","status":"publish","type":"page","link":"https:\/\/lapalabraverdadera.com\/index.php\/politicas\/","title":{"rendered":"Pol\u00edtica  de privacidad"},"content":{"rendered":"\t\t<div data-elementor-type=\"wp-page\" data-elementor-id=\"702\" class=\"elementor elementor-702\" data-elementor-post-type=\"page\">\n\t\t\t\t\t\t<section class=\"elementor-section elementor-top-section elementor-element elementor-element-c14e749 elementor-section-boxed elementor-section-height-default elementor-section-height-default\" data-id=\"c14e749\" data-element_type=\"section\" data-e-type=\"section\">\n\t\t\t\t\t\t<div class=\"elementor-container elementor-column-gap-default\">\n\t\t\t\t\t<div class=\"elementor-column elementor-col-100 elementor-top-column elementor-element elementor-element-a44e1ed\" data-id=\"a44e1ed\" data-element_type=\"column\" data-e-type=\"column\">\n\t\t\t<div class=\"elementor-widget-wrap elementor-element-populated\">\n\t\t\t\t\t\t<div class=\"elementor-element elementor-element-5bc41d3 elementor-drop-cap-yes elementor-drop-cap-view-default elementor-widget elementor-widget-text-editor\" data-id=\"5bc41d3\" data-element_type=\"widget\" data-e-type=\"widget\" data-settings=\"{&quot;drop_cap&quot;:&quot;yes&quot;}\" data-widget_type=\"text-editor.default\">\n\t\t\t\t<div class=\"elementor-widget-container\">\n\t\t\t\t\t\t\t\t\t<h1><b>Pol\u00edtica de privacidad Despertando a la Realidad Radio<\/b><\/h1><p><span style=\"font-weight: 400;\">\u00daltima actualizaci\u00f3n: 05 de Enero de 2024<\/span><\/p><h2><span style=\"font-weight: 400;\">Recogida y tratamiento de datos de car\u00e1cter personal<\/span><\/h2><p><span style=\"font-weight: 400;\">Los datos de car\u00e1cter personal son los que pueden ser utilizados para identificar a una persona o ponerse en contacto con ella.<\/span><\/p><p><b>Despertando a la Realidad Radio<\/b><span style=\"font-weight: 400;\"> puede solicitar datos personales de usuarios al acceder a aplicaciones de la empresa o de otras empresas afiliadas as\u00ed como la posibilidad de que entre estas empresas puedan compartir esos datos para mejorar los productos y servicios ofrecidos. Si no se facilitan esos datos personales, en muchos casos no podremos ofrecer los productos o servicios solicitados.<\/span><\/p><p><span style=\"font-weight: 400;\">Estos son algunos ejemplos de las categor\u00edas de datos de car\u00e1cter personal que <\/span><b>Despertando a la Realidad Radio<\/b><span style=\"font-weight: 400;\"> puede recoger y la finalidad para los que puede llevar a cabo el tratamiento de estos datos.<\/span><\/p><h2><span style=\"font-weight: 400;\">\u00bfQu\u00e9 datos de car\u00e1cter personal se pueden recopilar?<\/span><\/h2><p><span style=\"font-weight: 400;\">Al crear un ID, solicitar un cr\u00e9dito comercial, comprar un producto, descargar una actualizaci\u00f3n de software, se recopilan diferentes datos, como nombre, direcci\u00f3n postal, n\u00famero de tel\u00e9fono, direcci\u00f3n de correo electr\u00f3nico o los datos de la tarjeta de cr\u00e9dito. Cuando se comparten contenidos con familiares y amigos o se invita a otras personas a participar en los servicios o foros, pueden recogerse los datos que facilitamos sobre esas personas, como su nombre, domicilio, correo electr\u00f3nico y n\u00famero de tel\u00e9fono. Se utilizar\u00e1n dichos datos para completar sus pedidos, mostrarle el producto o servicio correspondiente o para combatir el fraude.<\/span><\/p><h2><span style=\"font-weight: 400;\">Prop\u00f3sito del tratamiento de datos de car\u00e1cter personal<\/span><\/h2><p><b>Despertando a la Realidad Radio<\/b><span style=\"font-weight: 400;\"> podr\u00e1 utilizar los datos personales recabados para:<\/span><\/p><ul><li style=\"font-weight: 400;\" aria-level=\"1\"><span style=\"font-weight: 400;\">Los datos de car\u00e1cter personal recopilados permiten mantenerle informado acerca de los \u00faltimos productos, las actualizaciones de software disponibles y los pr\u00f3ximos eventos.<\/span><\/li><li style=\"font-weight: 400;\" aria-level=\"1\"><span style=\"font-weight: 400;\">Tambi\u00e9n se utilizan los datos de car\u00e1cter personal como ayuda para elaborar, perfeccionar, gestionar, proporcionar y mejorar los productos, servicios, contenidos y publicidad, y con el prop\u00f3sito de evitar p\u00e9rdidas y fraudes.<\/span><\/li><li style=\"font-weight: 400;\" aria-level=\"1\"><span style=\"font-weight: 400;\">Pueden utilizarse los datos de car\u00e1cter personal para comprobar la identidad, colaborar en la identificaci\u00f3n de usuarios y decidir los servicios apropiados.<\/span><\/li><li style=\"font-weight: 400;\" aria-level=\"1\"><span style=\"font-weight: 400;\">Tambi\u00e9n se utilizan esos datos de car\u00e1cter personal con prop\u00f3sitos internos, incluyendo auditor\u00edas, an\u00e1lisis de datos y sondeos, para mejorar los productos, servicios y comunicaciones a clientes.<\/span><\/li><li style=\"font-weight: 400;\" aria-level=\"1\"><span style=\"font-weight: 400;\">Si participa en un sorteo, un concurso o una promoci\u00f3n, pueden usarse los datos proporcionados para administrar estos programas.<\/span><\/li><\/ul><h1><span style=\"font-weight: 400;\">Recopilaci\u00f3n y tratamiento de datos de car\u00e1cter no personal<\/span><\/h1><p><b>D\u00eda de Victoria Radio<\/b><span style=\"font-weight: 400;\"> tambi\u00e9n recopilar\u00e1 datos de un modo que, por s\u00ed mismos, no pueden ser asociados directamente a una persona determinada. Estos datos de car\u00e1cter no personal se pueden recopilar, tratar, transferir y publicar con cualquier intenci\u00f3n. Estos son algunos ejemplos de las clases de datos de car\u00e1cter no personal que <\/span><b>Despertando a la Realidad Radio<\/b><span style=\"font-weight: 400;\"> puede recopilar y los fines para los que se realiza su tratamiento:<\/span><\/p><ul><li style=\"font-weight: 400;\" aria-level=\"1\"><span style=\"font-weight: 400;\">Datos tales como profesi\u00f3n, idioma, c\u00f3digo postal, identificador \u00fanico de dispositivo, etc. para comprender mejor la conducta de nuestros clientes y mejorar nuestros productos, servicios y anuncios publicitarios.<\/span><\/li><li style=\"font-weight: 400;\" aria-level=\"1\"><span style=\"font-weight: 400;\">Datos sobre c\u00f3mo se usan determinados servicios, incluidas las consultas de b\u00fasqueda. Esta informaci\u00f3n se puede utilizar para incrementar la importancia de los resultados que aportan los servicios ofrecidos.<\/span><\/li><li style=\"font-weight: 400;\" aria-level=\"1\"><span style=\"font-weight: 400;\">Datos sobre c\u00f3mo usa su dispositivo y las aplicaciones para facilitar a los desarrolladores la mejora de esas aplicaciones.<\/span><\/li><\/ul><p><span style=\"font-weight: 400;\">Si juntamos datos de car\u00e1cter no personal con datos personales, los datos mezclados ser\u00e1n tratados como datos personales mientras sigan estando combinados.<\/span><\/p><h2><span style=\"font-weight: 400;\">Divulgaci\u00f3n a terceros<\/span><\/h2><p><span style=\"font-weight: 400;\">Ocasionalmente <\/span><b>Despertando a la Realidad Radio<\/b><span style=\"font-weight: 400;\"> puede facilitar determinados datos de car\u00e1cter personal a socios estrat\u00e9gicos que trabajen con nosotros para proveer productos y servicios o nos ayudan en nuestras actividades de marketing. No se compartir\u00e1n los datos con ning\u00fan tercero para sus propios fines de marketing.<\/span><\/p><h2><span style=\"font-weight: 400;\">Proveedores de servicios<\/span><\/h2><p><b>Despertando a la Realidad Radio <\/b><span style=\"font-weight: 400;\">compartir\u00e1 datos de car\u00e1cter personal con empresas que se ocupan, entre otras actividades, de prestar servicios de tratamiento de datos, conceder cr\u00e9ditos, tramitar pedidos de clientes, presentar sus productos, mejorar datos de clientes, suministrar servicios de atenci\u00f3n al cliente, evaluar su inter\u00e9s en productos y servicios y realizar investigaciones sobre clientes o su grado de satisfacci\u00f3n.<\/span><\/p><h2><span style=\"font-weight: 400;\">Otros terceros<\/span><\/h2><p><span style=\"font-weight: 400;\">Es posible que <\/span><b>Despertando a la Realidad Radio <\/b><span style=\"font-weight: 400;\">divulgue datos de car\u00e1cter personal por mandato legal, en el marco de un proceso judicial o por petici\u00f3n de una autoridad p\u00fablica, tanto dentro como fuera de su pa\u00eds de residencia.Igualmente se puede publicar informaci\u00f3n personal si es necesaria o conveniente por motivos de seguridad nacional, para acatar la legislaci\u00f3n vigente o por otras razones relevantes de orden p\u00fablico.<\/span><\/p><h2><span style=\"font-weight: 400;\">Protecci\u00f3n de datos de car\u00e1cter personal<\/span><\/h2><p><b>Despertando a la Realidad Radio <\/b><span style=\"font-weight: 400;\">garantizar\u00e1 la protecci\u00f3n de los datos personales mediante cifrado durante el tr\u00e1nsito y, los alojados en instalaciones, con medidas de seguridad f\u00edsicas.<\/span><\/p><p><span style=\"font-weight: 400;\">Al usar ciertos productos, servicios o aplicaciones o al publicar opiniones en foros, salas de chat o redes sociales, el contenido y los datos de car\u00e1cter personal que se comparta ser\u00e1n visible para otros usuarios, que tendr\u00e1n la posibilidad de leerlos, compilarlos o usarlos.Usted ser\u00e1 responsable de los datos de car\u00e1cter personal que distribuya o proporcione en estos casos.<\/span><\/p><p><span style=\"font-weight: 400;\">Integridad y conservaci\u00f3n de datos de car\u00e1cter personal<\/span><\/p><p><b>Despertando a la Realidad Radio <\/b><span style=\"font-weight: 400;\">garantizar\u00e1 la exactitud y la calidad de los datos personales, se conservar\u00e1n durante el tiempo necesario para cumplir los fines para los que fueron recabados, salvo que la ley exija conservarlos durante m\u00e1s tiempo.<\/span><\/p><h2><span style=\"font-weight: 400;\">Acceso a los datos de car\u00e1cter personal<\/span><\/h2><p><span style=\"font-weight: 400;\">Respecto a los datos de car\u00e1cter personal que conservamos, <\/span><b>Despertando a la Realidad Radio <\/b><span style=\"font-weight: 400;\">le ofrece acceso a ellos para cualquier fin, incluyendo las solicitudes de rectificaci\u00f3n en caso de que sean incorrectos o de eliminaci\u00f3n en caso de no estar obligados a conservarlos por imperativo legal o por razones leg\u00edtimas de negocio. Nos reservamos el derecho a no tramitar aquellas solicitudes que sean improcedentes o vejatorias, que pongan en riesgo la privacidad de terceros, que resulten inviables o para las que la legislaci\u00f3n local no exija derecho de acceso. Las solicitudes de acceso, rectificaci\u00f3n o eliminaci\u00f3n podr\u00e1n enviarse a la cuenta de correo electr\u00f3nico <\/span><b>quedeseconpalabra@gmail.com<\/b><\/p><h2><span style=\"font-weight: 400;\">Ni\u00f1os y educaci\u00f3n<\/span><\/h2><p><b>Despertando a la Realidad Radio <\/b><span style=\"font-weight: 400;\">es consciente de la necesidad de establecer precauciones adicionales para preservar la privacidad y la seguridad de los menores que utilizan las aplicaciones y exigir consentimiento de sus progenitores en caso de que no tengan la edad m\u00ednima exigida por la legislaci\u00f3n.<\/span><\/p><p><span style=\"font-weight: 400;\">Si se han recopilado datos personales de un menor de 14 a\u00f1os, sin el consentimiento necesario, se debe eliminar esa informaci\u00f3n lo antes posible.<\/span><\/p><h2><span style=\"font-weight: 400;\">Servicios de localizaci\u00f3n<\/span><\/h2><p><span style=\"font-weight: 400;\">Para prestar servicios de localizaci\u00f3n <\/span><b>Despertando a la Realidad Radio <\/b><span style=\"font-weight: 400;\">podr\u00e1 reunir, utilizar y compartir datos exactos sobre ubicaciones, incluyendo la situaci\u00f3n geogr\u00e1fica en tiempo real de su ordenador o de su dispositivo. Salvo que nos den su consentimiento, estos datos de localizaci\u00f3n se recogen de manera an\u00f3nima de forma que no pueden utilizarse para identificarlo personalmente, y son usados para suministrar y mejorar sus productos y servicios de localizaci\u00f3n.<\/span><\/p><h2><span style=\"font-weight: 400;\">P\u00e1ginas web y servicios de terceros<\/span><\/h2><p><span style=\"font-weight: 400;\">Las aplicaciones pueden contener enlaces a p\u00e1ginas web, productos y servicios de terceros. Tambi\u00e9n pueden utilizar u ofrecer productos o servicios de terceros. La recogida de datos por parte de terceros, introduciendo de datos sobre ubicaciones geogr\u00e1ficas o datos de contacto, se guiar\u00e1 por sus respectivas pol\u00edticas de privacidad. Le recomendamos consultar las pol\u00edticas de privacidad de esos terceros.<\/span><\/p><h5>\u00a0<\/h5>\t\t\t\t\t\t\t\t<\/div>\n\t\t\t\t<\/div>\n\t\t\t\t\t<\/div>\n\t\t<\/div>\n\t\t\t\t\t<\/div>\n\t\t<\/section>\n\t\t\t\t<\/div>\n\t\t","protected":false},"excerpt":{"rendered":"<p>Pol\u00edtica de privacidad Despertando a la Realidad Radio \u00daltima actualizaci\u00f3n: 05 de Enero de 2024 Recogida y tratamiento de datos de car\u00e1cter personal Los datos de car\u00e1cter personal son los que pueden ser utilizados para identificar a una persona o ponerse en contacto con ella. Despertando a la Realidad Radio puede solicitar datos personales de [&hellip;]<\/p>\n","protected":false},"author":1,"featured_media":0,"parent":0,"menu_order":0,"comment_status":"closed","ping_status":"closed","template":"","meta":{"_crdt_document":"","footnotes":""},"class_list":["post-702","page","type-page","status-publish","hentry"],"yoast_head":"<!-- This site is optimized with the Yoast SEO plugin v27.5 - https:\/\/yoast.com\/product\/yoast-seo-wordpress\/ -->\n<title>Pol\u00edtica de privacidad - La Palabra Verdadera<\/title>\n<meta name=\"robots\" content=\"index, follow, max-snippet:-1, max-image-preview:large, max-video-preview:-1\" \/>\n<link rel=\"canonical\" href=\"https:\/\/lapalabraverdadera.com\/index.php\/politicas\/\" \/>\n<meta property=\"og:locale\" content=\"es_ES\" \/>\n<meta property=\"og:type\" content=\"article\" \/>\n<meta property=\"og:title\" content=\"Pol\u00edtica de privacidad - La Palabra Verdadera\" \/>\n<meta property=\"og:description\" content=\"Pol\u00edtica de privacidad Despertando a la Realidad Radio \u00daltima actualizaci\u00f3n: 05 de Enero de 2024 Recogida y tratamiento de datos de car\u00e1cter personal Los datos de car\u00e1cter personal son los que pueden ser utilizados para identificar a una persona o ponerse en contacto con ella. Despertando a la Realidad Radio puede solicitar datos personales de [&hellip;]\" \/>\n<meta property=\"og:url\" content=\"https:\/\/lapalabraverdadera.com\/index.php\/politicas\/\" \/>\n<meta property=\"og:site_name\" content=\"La Palabra Verdadera\" \/>\n<meta property=\"article:publisher\" content=\"https:\/\/web.facebook.com\/people\/Qudese-con-la-Palabra\/100083250439242\/\" \/>\n<meta property=\"article:modified_time\" content=\"2024-03-05T12:34:29+00:00\" \/>\n<meta name=\"twitter:card\" content=\"summary_large_image\" \/>\n<meta name=\"twitter:label1\" content=\"Tiempo de lectura\" \/>\n\t<meta name=\"twitter:data1\" content=\"6 minutos\" \/>\n<script type=\"application\/ld+json\" class=\"yoast-schema-graph\">{\"@context\":\"https:\\\/\\\/schema.org\",\"@graph\":[{\"@type\":\"WebPage\",\"@id\":\"https:\\\/\\\/lapalabraverdadera.com\\\/index.php\\\/politicas\\\/\",\"url\":\"https:\\\/\\\/lapalabraverdadera.com\\\/index.php\\\/politicas\\\/\",\"name\":\"Pol\u00edtica de privacidad - La Palabra Verdadera\",\"isPartOf\":{\"@id\":\"https:\\\/\\\/lapalabraverdadera.com\\\/#website\"},\"datePublished\":\"2023-03-01T12:22:32+00:00\",\"dateModified\":\"2024-03-05T12:34:29+00:00\",\"breadcrumb\":{\"@id\":\"https:\\\/\\\/lapalabraverdadera.com\\\/index.php\\\/politicas\\\/#breadcrumb\"},\"inLanguage\":\"es-CO\",\"potentialAction\":[{\"@type\":\"ReadAction\",\"target\":[\"https:\\\/\\\/lapalabraverdadera.com\\\/index.php\\\/politicas\\\/\"]}]},{\"@type\":\"BreadcrumbList\",\"@id\":\"https:\\\/\\\/lapalabraverdadera.com\\\/index.php\\\/politicas\\\/#breadcrumb\",\"itemListElement\":[{\"@type\":\"ListItem\",\"position\":1,\"name\":\"Inicio\",\"item\":\"https:\\\/\\\/lapalabraverdadera.com\\\/\"},{\"@type\":\"ListItem\",\"position\":2,\"name\":\"Pol\u00edtica de privacidad\"}]},{\"@type\":\"WebSite\",\"@id\":\"https:\\\/\\\/lapalabraverdadera.com\\\/#website\",\"url\":\"https:\\\/\\\/lapalabraverdadera.com\\\/\",\"name\":\"La Palabra Verdadera\",\"description\":\"Mensajes del Rev. William Soto Santiago\",\"publisher\":{\"@id\":\"https:\\\/\\\/lapalabraverdadera.com\\\/#organization\"},\"potentialAction\":[{\"@type\":\"SearchAction\",\"target\":{\"@type\":\"EntryPoint\",\"urlTemplate\":\"https:\\\/\\\/lapalabraverdadera.com\\\/?s={search_term_string}\"},\"query-input\":{\"@type\":\"PropertyValueSpecification\",\"valueRequired\":true,\"valueName\":\"search_term_string\"}}],\"inLanguage\":\"es-CO\"},{\"@type\":\"Organization\",\"@id\":\"https:\\\/\\\/lapalabraverdadera.com\\\/#organization\",\"name\":\"La Palabra Verdadera\",\"url\":\"https:\\\/\\\/lapalabraverdadera.com\\\/\",\"logo\":{\"@type\":\"ImageObject\",\"inLanguage\":\"es-CO\",\"@id\":\"https:\\\/\\\/lapalabraverdadera.com\\\/#\\\/schema\\\/logo\\\/image\\\/\",\"url\":\"https:\\\/\\\/lapalabraverdadera.com\\\/wp-content\\\/uploads\\\/2022\\\/10\\\/cropped-cropped-logo-palabra.png\",\"contentUrl\":\"https:\\\/\\\/lapalabraverdadera.com\\\/wp-content\\\/uploads\\\/2022\\\/10\\\/cropped-cropped-logo-palabra.png\",\"width\":454,\"height\":94,\"caption\":\"La Palabra Verdadera\"},\"image\":{\"@id\":\"https:\\\/\\\/lapalabraverdadera.com\\\/#\\\/schema\\\/logo\\\/image\\\/\"},\"sameAs\":[\"https:\\\/\\\/web.facebook.com\\\/people\\\/Qudese-con-la-Palabra\\\/100083250439242\\\/\"]}]}<\/script>\n<!-- \/ Yoast SEO plugin. -->","yoast_head_json":{"title":"Pol\u00edtica de privacidad - La Palabra Verdadera","robots":{"index":"index","follow":"follow","max-snippet":"max-snippet:-1","max-image-preview":"max-image-preview:large","max-video-preview":"max-video-preview:-1"},"canonical":"https:\/\/lapalabraverdadera.com\/index.php\/politicas\/","og_locale":"es_ES","og_type":"article","og_title":"Pol\u00edtica de privacidad - La Palabra Verdadera","og_description":"Pol\u00edtica de privacidad Despertando a la Realidad Radio \u00daltima actualizaci\u00f3n: 05 de Enero de 2024 Recogida y tratamiento de datos de car\u00e1cter personal Los datos de car\u00e1cter personal son los que pueden ser utilizados para identificar a una persona o ponerse en contacto con ella. Despertando a la Realidad Radio puede solicitar datos personales de [&hellip;]","og_url":"https:\/\/lapalabraverdadera.com\/index.php\/politicas\/","og_site_name":"La Palabra Verdadera","article_publisher":"https:\/\/web.facebook.com\/people\/Qudese-con-la-Palabra\/100083250439242\/","article_modified_time":"2024-03-05T12:34:29+00:00","twitter_card":"summary_large_image","twitter_misc":{"Tiempo de lectura":"6 minutos"},"schema":{"@context":"https:\/\/schema.org","@graph":[{"@type":"WebPage","@id":"https:\/\/lapalabraverdadera.com\/index.php\/politicas\/","url":"https:\/\/lapalabraverdadera.com\/index.php\/politicas\/","name":"Pol\u00edtica de privacidad - La Palabra Verdadera","isPartOf":{"@id":"https:\/\/lapalabraverdadera.com\/#website"},"datePublished":"2023-03-01T12:22:32+00:00","dateModified":"2024-03-05T12:34:29+00:00","breadcrumb":{"@id":"https:\/\/lapalabraverdadera.com\/index.php\/politicas\/#breadcrumb"},"inLanguage":"es-CO","potentialAction":[{"@type":"ReadAction","target":["https:\/\/lapalabraverdadera.com\/index.php\/politicas\/"]}]},{"@type":"BreadcrumbList","@id":"https:\/\/lapalabraverdadera.com\/index.php\/politicas\/#breadcrumb","itemListElement":[{"@type":"ListItem","position":1,"name":"Inicio","item":"https:\/\/lapalabraverdadera.com\/"},{"@type":"ListItem","position":2,"name":"Pol\u00edtica de privacidad"}]},{"@type":"WebSite","@id":"https:\/\/lapalabraverdadera.com\/#website","url":"https:\/\/lapalabraverdadera.com\/","name":"La Palabra Verdadera","description":"Mensajes del Rev. William Soto Santiago","publisher":{"@id":"https:\/\/lapalabraverdadera.com\/#organization"},"potentialAction":[{"@type":"SearchAction","target":{"@type":"EntryPoint","urlTemplate":"https:\/\/lapalabraverdadera.com\/?s={search_term_string}"},"query-input":{"@type":"PropertyValueSpecification","valueRequired":true,"valueName":"search_term_string"}}],"inLanguage":"es-CO"},{"@type":"Organization","@id":"https:\/\/lapalabraverdadera.com\/#organization","name":"La Palabra Verdadera","url":"https:\/\/lapalabraverdadera.com\/","logo":{"@type":"ImageObject","inLanguage":"es-CO","@id":"https:\/\/lapalabraverdadera.com\/#\/schema\/logo\/image\/","url":"https:\/\/lapalabraverdadera.com\/wp-content\/uploads\/2022\/10\/cropped-cropped-logo-palabra.png","contentUrl":"https:\/\/lapalabraverdadera.com\/wp-content\/uploads\/2022\/10\/cropped-cropped-logo-palabra.png","width":454,"height":94,"caption":"La Palabra Verdadera"},"image":{"@id":"https:\/\/lapalabraverdadera.com\/#\/schema\/logo\/image\/"},"sameAs":["https:\/\/web.facebook.com\/people\/Qudese-con-la-Palabra\/100083250439242\/"]}]}},"_links":{"self":[{"href":"https:\/\/lapalabraverdadera.com\/index.php\/wp-json\/wp\/v2\/pages\/702","targetHints":{"allow":["GET"]}}],"collection":[{"href":"https:\/\/lapalabraverdadera.com\/index.php\/wp-json\/wp\/v2\/pages"}],"about":[{"href":"https:\/\/lapalabraverdadera.com\/index.php\/wp-json\/wp\/v2\/types\/page"}],"author":[{"embeddable":true,"href":"https:\/\/lapalabraverdadera.com\/index.php\/wp-json\/wp\/v2\/users\/1"}],"replies":[{"embeddable":true,"href":"https:\/\/lapalabraverdadera.com\/index.php\/wp-json\/wp\/v2\/comments?post=702"}],"version-history":[{"count":9,"href":"https:\/\/lapalabraverdadera.com\/index.php\/wp-json\/wp\/v2\/pages\/702\/revisions"}],"predecessor-version":[{"id":1939,"href":"https:\/\/lapalabraverdadera.com\/index.php\/wp-json\/wp\/v2\/pages\/702\/revisions\/1939"}],"wp:attachment":[{"href":"https:\/\/lapalabraverdadera.com\/index.php\/wp-json\/wp\/v2\/media?parent=702"}],"curies":[{"name":"wp","href":"https:\/\/api.w.org\/{rel}","templated":true}]}}